{"id":47,"date":"2016-06-30T22:59:00","date_gmt":"2016-06-30T20:59:00","guid":{"rendered":"https:\/\/ffl-marbach.eu\/?page_id=47"},"modified":"2016-06-30T22:59:28","modified_gmt":"2016-06-30T20:59:28","slug":"startseite","status":"publish","type":"page","link":"https:\/\/www.ffl-marbach.eu\/","title":{"rendered":"Startseite"},"content":{"rendered":"<p>Liebe fu\u00dfballbegeisterte Sch\u00fclerinnen, Sch\u00fcler und Lehrer des FSG,<br \/>\ndie Fu\u00dfball-Forder-Liga bietet Sch\u00fclerinnen und Sch\u00fclern die M\u00f6glichkeit sich mit anderen Klassen, sowie mit der Lehrermannschaft sportlich zu messen. Spa\u00df, Bewegung, Verantwortung und die St\u00e4rkung unserer Schulgemeinschaft stehen im Vordergrund.<br \/>\nDie Mannschaften vereinbaren und f\u00fchren die Spiele vollkommen selbstst\u00e4ndig durch und sind f\u00fcr das Gelingen verantwortlich. Ein Format, das sich seit \u00fcber einem Jahrzehnt hervorragend bew\u00e4hrt hat. Jeder tr\u00e4gt durch respektvolles Auftreten gegen\u00fcber allen Mitspielern und dem Schiedsrichter dazu bei.<\/p>\n<p>Wir w\u00fcnschen Euch viele spannende, torreiche und vor allem fair ablaufende Spiele.<br \/>\nM. Merkle, D. Schneider<\/p>\n","protected":false},"excerpt":{"rendered":"<p class=\"post-excerpt\">Liebe fu\u00dfballbegeisterte Sch\u00fclerinnen, Sch\u00fcler und Lehrer des FSG, die Fu\u00dfball-Forder-Liga bietet Sch\u00fclerinnen und Sch\u00fclern die M\u00f6glichkeit sich mit anderen Klassen,&#8230;<\/p>\n","protected":false},"author":1,"featured_media":0,"parent":0,"menu_order":10,"comment_status":"closed","ping_status":"closed","template":"","meta":[],"_links":{"self":[{"href":"https:\/\/www.ffl-marbach.eu\/index.php?rest_route=\/wp\/v2\/pages\/47"}],"collection":[{"href":"https:\/\/www.ffl-marbach.eu\/index.php?rest_route=\/wp\/v2\/pages"}],"about":[{"href":"https:\/\/www.ffl-marbach.eu\/index.php?rest_route=\/wp\/v2\/types\/page"}],"author":[{"embeddable":true,"href":"https:\/\/www.ffl-marbach.eu\/index.php?rest_route=\/wp\/v2\/users\/1"}],"replies":[{"embeddable":true,"href":"https:\/\/www.ffl-marbach.eu\/index.php?rest_route=%2Fwp%2Fv2%2Fcomments&post=47"}],"version-history":[{"count":1,"href":"https:\/\/www.ffl-marbach.eu\/index.php?rest_route=\/wp\/v2\/pages\/47\/revisions"}],"predecessor-version":[{"id":48,"href":"https:\/\/www.ffl-marbach.eu\/index.php?rest_route=\/wp\/v2\/pages\/47\/revisions\/48"}],"wp:attachment":[{"href":"https:\/\/www.ffl-marbach.eu\/index.php?rest_route=%2Fwp%2Fv2%2Fmedia&parent=47"}],"curies":[{"name":"wp","href":"https:\/\/api.w.org\/{rel}","templated":true}]}}